{"id":6929,"date":"2021-08-11T18:31:13","date_gmt":"2021-08-11T16:31:13","guid":{"rendered":"https:\/\/dev.designagentur.be\/allgemeine-geschaeftsbedingungen\/"},"modified":"2025-04-14T08:05:34","modified_gmt":"2025-04-14T06:05:34","slug":"conditions-generales-de-vente","status":"publish","type":"page","link":"https:\/\/www.designagentur.be\/fr\/conditions-generales-de-vente\/","title":{"rendered":"Conditions g\u00e9n\u00e9rales de vente"},"content":{"rendered":"<p>[vc_row padding_top=\u00a0\u00bb50&Prime; padding_bottom=\u00a0\u00bb90&Prime; margin_bottom=\u00a0\u00bb0&Prime;][vc_column][vc_column_text]<strong>Article 1:<\/strong><\/p>\n<p>Toute commande implique automatiquement l&rsquo;acceptation de nos conditions g\u00e9n\u00e9rales par le client.<\/p>\n<p><strong>Article 2:<\/strong><\/p>\n<p>Les offres sont valables pendant un mois (apr\u00e8s la date de r\u00e9daction).<\/p>\n<p><strong>Article 3:<\/strong><\/p>\n<p>La d\u00e9claration contractuelle peut \u00eatre r\u00e9voqu\u00e9e sous forme \u00e9crite (p. ex. lettre, courriel) end\u00e9ans un d\u00e9lai de 14 jours ouvrables sans indication de motif.<\/p>\n<p>Pour exercer votre droit de r\u00e9tractation, vous devez nous informer de votre d\u00e9cision de vous retirer du pr\u00e9sent contrat au moyen d&rsquo;une d\u00e9claration pr\u00e9cise (par exemple, lettre, courriel).<\/p>\n<p>Afin de respecter le d\u00e9lai de r\u00e9vocation, il suffit d&rsquo;envoyer la r\u00e9vocation end\u00e9ans les d\u00e9lais. La r\u00e9vocation \u00e9crite doit \u00eatre envoy\u00e9e \u00e0 : Die Designagentur \u2013 Leifgen, Bahnhofstra\u00dfe 16, B &#8211; 4780 St.Vith | Email : info@designagentur.be<\/p>\n<p>En cas de r\u00e9vocation, le client s&rsquo;engage \u00e0 payer une indemnit\u00e9 forfaitaire de 30% du montant de la commande pour les services, de 50% pour les biens et de 100% pour les biens personnalis\u00e9s.<\/p>\n<p><strong>Article 4:<\/strong><\/p>\n<p>Lors de la passation d&rsquo;une commande, sauf convention contraire, 30% du montant de la commande pour les services et 50% pour les marchandises sont dus.<\/p>\n<p><strong>Article 5:<\/strong><\/p>\n<p>Les factures sont payables d\u00e8s leur r\u00e9ception et sans d\u00e9duction.<\/p>\n<p>En cas de non-paiement d&rsquo;une facture \u00e0 son \u00e9ch\u00e9ance, celle-ci est major\u00e9e de plein droit, sans qu&rsquo;un rappel soit n\u00e9cessaire, d\u2019un montant forfaitaire de 10% &#8211; avec un minimum de 50 euros &#8211; ainsi que d&rsquo;int\u00e9r\u00eats moratoires s&rsquo;\u00e9levant \u00e0 10% du montant factur\u00e9.<\/p>\n<p><strong>Article 6:<\/strong><\/p>\n<p>Toute r\u00e9clamation, quelle qu&rsquo;elle soit, doit \u00eatre effectu\u00e9e dans les 8 jours suivant la r\u00e9ception de la facture et exclusivement par \u00e9crit \u00e0 Die Designagentur \u2013 Leifgen, Bahnhofstra\u00dfe 16, B &#8211; 4780 St.Vith | Email : info@designagentur.be.<\/p>\n<p><strong>Article 7:<\/strong><\/p>\n<p>Les pr\u00e9sentes conditions g\u00e9n\u00e9rales sont r\u00e9gies par la loi belge. Tout litige sera soumis \u00e0 la comp\u00e9tence exclusive des tribunaux de l\u2019arrondissement judiciaire d\u2019Eupen.<\/p>\n<p><strong>Article 8:<\/strong><\/p>\n<p>La version allemande est d\u00e9finie comme la version originale des CGV.\u00a0 Les versions en FR\/NL\/EN sont des traductions. En cas de doute ou de formulation incorrecte de la traduction, la version originale allemande qui pr\u00e9vaut.[\/vc_column_text][\/vc_column][\/vc_row][vc_row margin_bottom=\u00a0\u00bb0&Prime;][vc_column]<div class=\"grve-element grve-hr \" style=\"\"><div class=\"grve-line-divider\"><\/div><\/div>[\/vc_column][\/vc_row][vc_row padding_top=\u00a0\u00bb40&Prime; padding_bottom=\u00a0\u00bb40&Prime; el_class=\u00a0\u00bbsitefooter\u00a0\u00bb][vc_column width=\u00a0\u00bb1\/3&Prime;][vc_column_text]<a href=\"https:\/\/www.designagentur.be\/fr\/mentions-legales\/?lang=fr\">Mentions l\u00e9gales<\/a> | <a href=\"https:\/\/www.designagentur.be\/fr\/charte-de-confidentialite\/?lang=fr\">Charte de confidentialit\u00e9<\/a>[\/vc_column_text][\/vc_column][vc_column width=\u00a0\u00bb1\/3&Prime;][\/vc_column][vc_column width=\u00a0\u00bb1\/3&Prime;][vc_column_text]<img loading=\"lazy\" class=\"size-full wp-image-6707 alignright\" src=\"https:\/\/www.designagentur.be\/web21\/wp-content\/uploads\/2021\/08\/dda-OSB-Logo_Unternehmen-footer200px.png\" alt=\"\" width=\"200\" height=\"50\" \/>[\/vc_column_text][\/vc_column][\/vc_row]<\/p>\n","protected":false},"excerpt":{"rendered":"<p>[vc_row padding_top=\u00a0\u00bb50&Prime; padding_bottom=\u00a0\u00bb90&Prime; margin_bottom=\u00a0\u00bb0&Prime;][vc_column][vc_column_text]Article 1: Toute commande implique automatiquement l&rsquo;acceptation de nos conditions g\u00e9n\u00e9rales par le client. Article 2: Les offres sont valables pendant un mois (apr\u00e8s la date de r\u00e9daction). Article 3: La d\u00e9claration contractuelle peut \u00eatre r\u00e9voqu\u00e9e sous forme \u00e9crite (p. ex. lettre, courriel) end\u00e9ans un d\u00e9lai de 14 jours ouvrables sans indication [&hellip;]<\/p>\n","protected":false},"author":1,"featured_media":0,"parent":0,"menu_order":0,"comment_status":"closed","ping_status":"closed","template":"","meta":[],"aioseo_notices":[],"_links":{"self":[{"href":"https:\/\/www.designagentur.be\/fr\/wp-json\/wp\/v2\/pages\/6929"}],"collection":[{"href":"https:\/\/www.designagentur.be\/fr\/wp-json\/wp\/v2\/pages"}],"about":[{"href":"https:\/\/www.designagentur.be\/fr\/wp-json\/wp\/v2\/types\/page"}],"author":[{"embeddable":true,"href":"https:\/\/www.designagentur.be\/fr\/wp-json\/wp\/v2\/users\/1"}],"replies":[{"embeddable":true,"href":"https:\/\/www.designagentur.be\/fr\/wp-json\/wp\/v2\/comments?post=6929"}],"version-history":[{"count":4,"href":"https:\/\/www.designagentur.be\/fr\/wp-json\/wp\/v2\/pages\/6929\/revisions"}],"predecessor-version":[{"id":8752,"href":"https:\/\/www.designagentur.be\/fr\/wp-json\/wp\/v2\/pages\/6929\/revisions\/8752"}],"wp:attachment":[{"href":"https:\/\/www.designagentur.be\/fr\/wp-json\/wp\/v2\/media?parent=6929"}],"curies":[{"name":"wp","href":"https:\/\/api.w.org\/{rel}","templated":true}]}}