{"id":6892,"date":"2021-08-11T18:04:59","date_gmt":"2021-08-11T16:04:59","guid":{"rendered":"https:\/\/dev.designagentur.be\/impressum\/"},"modified":"2025-04-08T11:01:23","modified_gmt":"2025-04-08T09:01:23","slug":"imprint","status":"publish","type":"page","link":"https:\/\/www.designagentur.be\/en\/imprint\/","title":{"rendered":"Imprint"},"content":{"rendered":"<p>[vc_row padding_top=&#8221;50&#8243; padding_bottom=&#8221;90&#8243; margin_bottom=&#8221;0&#8243;][vc_column width=&#8221;1\/2&#8243;][vc_column_text]<\/p>\n<p style=\"text-align: right;\"><strong><span class=\"VIiyi\" lang=\"en\"><span class=\"JLqJ4b ChMk0b\" data-language-for-alternatives=\"en\" data-language-to-translate-into=\"de\" data-phrase-index=\"0\">RESPONSIBLE EDITOR<\/span><\/span> <\/strong><\/p>\n<p>[\/vc_column_text][vc_empty_space height=&#8221;30px&#8221;][\/vc_column][vc_column width=&#8221;1\/2&#8243;][vc_column_text]Die Designagentur\u00a0\u2013 Leifgen<\/p>\n<p>Gino Leifgen<br \/>\nBahnhofstra\u00dfe 16<br \/>\nB &#8211; 4780 St.Vith<\/p>\n<p>Tel.: +32 80 679 366<br \/>\nEmail: info[at]designagentur.be<\/p>\n<p>VAT ID: BE 0864 206 355[\/vc_column_text][vc_column_text]<a href=\"https:\/\/www.designagentur.be\/en\/general-terms-and-conditions\/?lang=en\">General terms and conditions<\/a>[\/vc_column_text][\/vc_column][\/vc_row][vc_row padding_bottom=&#8221;90&#8243; margin_bottom=&#8221;0&#8243;][vc_column width=&#8221;1\/2&#8243;][vc_column_text]<\/p>\n<p style=\"text-align: right;\"><strong><span class=\"VIiyi\" lang=\"en\"><span class=\"JLqJ4b ChMk0b\" data-language-for-alternatives=\"en\" data-language-to-translate-into=\"de\" data-phrase-index=\"0\">LEGAL NOTICE (in German) <\/span><\/span><\/strong><\/p>\n<p>[\/vc_column_text][vc_empty_space height=&#8221;30px&#8221;][\/vc_column][vc_column width=&#8221;1\/2&#8243;][vc_column_text]Die Informationen auf dieser Website wurden mit gr\u00f6\u00dftm\u00f6glicher Sorgfalt zusammengestellt. Sie werden st\u00e4ndig gepr\u00fcft und aktualisiert. F\u00fcr die Korrektheit, Aktualit\u00e4t und Vollst\u00e4ndigkeit der enthaltenen Informationen kann dennoch keine Haftung oder Garantie \u00fcbernommen werden. Jegliche Haftung f\u00fcr Sch\u00e4den, die direkt oder indirekt aus Benutzung dieser Website entstehen, wird ausgeschlossen, sofern diese nicht auf Vorsatz oder grober Fahrl\u00e4ssigkeit beruhen. Sofern von dieser Website per Hyperlink auf andere Internetseiten verwiesen wird, die von Dritten betrieben werden, \u00fcbernimmt die Designagentur \u2013 Leifgen keine Verantwortung f\u00fcr die Inhalte.<\/p>\n<p>Die Designagentur \u2013 Leifgen beh\u00e4lt sich das Recht vor, jederzeit \u00c4nderungen und Erg\u00e4nzungen der bereitgestellten Informationen vorzunehmen.<\/p>\n<p>Alle Rechte vorbehalten. Texte und Bilder sowie deren Anordnung auf der\u00a0Designagentur \u2013 Leifgen \u2013 Website unterliegen dem Schutz des Urheberrechts und anderen Schutzgesetzen. Der Inhalt dieser Website darf nicht zu kommerziellen Zwecken kopiert, verbreitet, ver\u00e4ndert oder Dritten zug\u00e4nglich gemacht werden.<\/p>\n<p>Diese Website benutzt Cookies.<\/p>\n<p>St.Vith, April 2025[\/vc_column_text][\/vc_column][\/vc_row][vc_row margin_bottom=&#8221;0&#8243;][vc_column]<div class=\"grve-element grve-hr \" style=\"\"><div class=\"grve-line-divider\"><\/div><\/div>[\/vc_column][\/vc_row][vc_row padding_top=&#8221;40&#8243; padding_bottom=&#8221;40&#8243; el_class=&#8221;sitefooter&#8221;][vc_column width=&#8221;1\/3&#8243;][vc_column_text]<a href=\"https:\/\/www.designagentur.be\/en\/imprint\/?lang=en\">Imprint<\/a> | <a href=\"https:\/\/www.designagentur.be\/en\/privacy-notice\/?lang=en\">Privacy notice<\/a>[\/vc_column_text][\/vc_column][vc_column width=&#8221;1\/3&#8243;][\/vc_column][vc_column width=&#8221;1\/3&#8243;][vc_column_text]<img loading=\"lazy\" class=\"size-full wp-image-6707 alignright\" src=\"https:\/\/www.designagentur.be\/web21\/wp-content\/uploads\/2021\/08\/dda-OSB-Logo_Unternehmen-footer200px.png\" alt=\"\" width=\"200\" height=\"50\" \/>[\/vc_column_text][\/vc_column][\/vc_row]<\/p>\n","protected":false},"excerpt":{"rendered":"<p>[vc_row padding_top=&#8221;50&#8243; padding_bottom=&#8221;90&#8243; margin_bottom=&#8221;0&#8243;][vc_column width=&#8221;1\/2&#8243;][vc_column_text] RESPONSIBLE EDITOR [\/vc_column_text][vc_empty_space height=&#8221;30px&#8221;][\/vc_column][vc_column width=&#8221;1\/2&#8243;][vc_column_text]Die Designagentur\u00a0\u2013 Leifgen Gino Leifgen Bahnhofstra\u00dfe 16 B &#8211; 4780 St.Vith Tel.: +32 80 679 366 Email: info[at]designagentur.be VAT ID: BE 0864 206 355[\/vc_column_text][vc_column_text]General terms and conditions[\/vc_column_text][\/vc_column][\/vc_row][vc_row padding_bottom=&#8221;90&#8243; margin_bottom=&#8221;0&#8243;][vc_column width=&#8221;1\/2&#8243;][vc_column_text] LEGAL NOTICE (in German) [\/vc_column_text][vc_empty_space height=&#8221;30px&#8221;][\/vc_column][vc_column width=&#8221;1\/2&#8243;][vc_column_text]Die Informationen auf dieser Website wurden mit gr\u00f6\u00dftm\u00f6glicher Sorgfalt zusammengestellt. [&hellip;]<\/p>\n","protected":false},"author":1,"featured_media":0,"parent":0,"menu_order":0,"comment_status":"closed","ping_status":"closed","template":"","meta":[],"aioseo_notices":[],"_links":{"self":[{"href":"https:\/\/www.designagentur.be\/en\/wp-json\/wp\/v2\/pages\/6892"}],"collection":[{"href":"https:\/\/www.designagentur.be\/en\/wp-json\/wp\/v2\/pages"}],"about":[{"href":"https:\/\/www.designagentur.be\/en\/wp-json\/wp\/v2\/types\/page"}],"author":[{"embeddable":true,"href":"https:\/\/www.designagentur.be\/en\/wp-json\/wp\/v2\/users\/1"}],"replies":[{"embeddable":true,"href":"https:\/\/www.designagentur.be\/en\/wp-json\/wp\/v2\/comments?post=6892"}],"version-history":[{"count":12,"href":"https:\/\/www.designagentur.be\/en\/wp-json\/wp\/v2\/pages\/6892\/revisions"}],"predecessor-version":[{"id":8735,"href":"https:\/\/www.designagentur.be\/en\/wp-json\/wp\/v2\/pages\/6892\/revisions\/8735"}],"wp:attachment":[{"href":"https:\/\/www.designagentur.be\/en\/wp-json\/wp\/v2\/media?parent=6892"}],"curies":[{"name":"wp","href":"https:\/\/api.w.org\/{rel}","templated":true}]}}